{"id":262,"date":"2023-01-27T12:19:25","date_gmt":"2023-01-27T12:19:25","guid":{"rendered":"https:\/\/demo-website.review\/lahn2\/?page_id=262"},"modified":"2026-01-14T14:04:49","modified_gmt":"2026-01-14T13:04:49","slug":"discover","status":"publish","type":"page","link":"https:\/\/restaurant-lahn.de\/de\/discover\/","title":{"rendered":"Discover"},"content":{"rendered":"<div data-elementor-type=\"wp-page\" data-elementor-id=\"262\" class=\"elementor elementor-262\">\n\t\t\t\t\t\t<section class=\"elementor-section elementor-top-section elementor-element elementor-element-74496f5 elementor-section-boxed elementor-section-height-default elementor-section-height-default\" data-id=\"74496f5\" data-element_type=\"section\" data-e-type=\"section\">\n\t\t\t\t\t\t<div class=\"elementor-container elementor-column-gap-default\">\n\t\t\t\t\t<div class=\"elementor-column elementor-col-100 elementor-top-column elementor-element elementor-element-9991d62 animated-slow elementor-invisible\" data-id=\"9991d62\" data-element_type=\"column\" data-e-type=\"column\" data-settings=\"{&quot;animation&quot;:&quot;zoomInDown&quot;}\">\n\t\t\t<div class=\"elementor-widget-wrap elementor-element-populated\">\n\t\t\t\t\t\t<div class=\"elementor-element elementor-element-40d3c71 elementor-widget elementor-widget-elementskit-heading\" data-id=\"40d3c71\" data-element_type=\"widget\" data-e-type=\"widget\" data-widget_type=\"elementskit-heading.default\">\n\t\t\t\t<div class=\"elementor-widget-container\">\n\t\t\t\t\t<div class=\"ekit-wid-con\" ><div class=\"ekit-heading elementskit-section-title-wraper text_center   ekit_heading_tablet-   ekit_heading_mobile-\"><h2 class=\"ekit-heading--title elementskit-section-title\">Catering Service<\/h2><div class=\"ekit_heading_separetor_wraper ekit_heading_elementskit-border-divider ekit-dotted\"><div class=\"elementskit-border-divider ekit-dotted\"><\/div><\/div><\/div><\/div>\t\t\t\t<\/div>\n\t\t\t\t<\/div>\n\t\t\t\t\t<\/div>\n\t\t<\/div>\n\t\t\t\t\t<\/div>\n\t\t<\/section>\n\t\t\t\t<section class=\"elementor-section elementor-top-section elementor-element elementor-element-5f5eb9c elementor-section-boxed elementor-section-height-default elementor-section-height-default\" data-id=\"5f5eb9c\" data-element_type=\"section\" data-e-type=\"section\">\n\t\t\t\t\t\t<div class=\"elementor-container elementor-column-gap-default\">\n\t\t\t\t\t<div class=\"elementor-column elementor-col-50 elementor-top-column elementor-element elementor-element-f7e64ad elementor-invisible\" data-id=\"f7e64ad\" data-element_type=\"column\" data-e-type=\"column\" data-settings=\"{&quot;animation&quot;:&quot;fadeInUp&quot;}\">\n\t\t\t<div class=\"elementor-widget-wrap elementor-element-populated\">\n\t\t\t\t\t\t<div class=\"elementor-element elementor-element-abbf95b elementor-widget elementor-widget-elementskit-heading\" data-id=\"abbf95b\" data-element_type=\"widget\" data-e-type=\"widget\" data-widget_type=\"elementskit-heading.default\">\n\t\t\t\t<div class=\"elementor-widget-container\">\n\t\t\t\t\t<div class=\"ekit-wid-con\" ><div class=\"ekit-heading elementskit-section-title-wraper text_center   ekit_heading_tablet-   ekit_heading_mobile-\"><h2 class=\"ekit-heading--title elementskit-section-title\">German<\/h2><div class=\"ekit_heading_separetor_wraper ekit_heading_elementskit-border-divider ekit-dotted\"><div class=\"elementskit-border-divider ekit-dotted\"><\/div><\/div><\/div><\/div>\t\t\t\t<\/div>\n\t\t\t\t<\/div>\n\t\t\t\t\t<\/div>\n\t\t<\/div>\n\t\t\t\t<div class=\"elementor-column elementor-col-50 elementor-top-column elementor-element elementor-element-7da27bb elementor-invisible\" data-id=\"7da27bb\" data-element_type=\"column\" data-e-type=\"column\" data-settings=\"{&quot;animation&quot;:&quot;fadeInUp&quot;}\">\n\t\t\t<div class=\"elementor-widget-wrap elementor-element-populated\">\n\t\t\t\t\t\t<div class=\"elementor-element elementor-element-628223b elementor-widget elementor-widget-elementskit-heading\" data-id=\"628223b\" data-element_type=\"widget\" data-e-type=\"widget\" data-widget_type=\"elementskit-heading.default\">\n\t\t\t\t<div class=\"elementor-widget-container\">\n\t\t\t\t\t<div class=\"ekit-wid-con\" ><div class=\"ekit-heading elementskit-section-title-wraper text_center   ekit_heading_tablet-   ekit_heading_mobile-\"><h2 class=\"ekit-heading--title elementskit-section-title\">Indian<\/h2><div class=\"ekit_heading_separetor_wraper ekit_heading_elementskit-border-divider ekit-dotted\"><div class=\"elementskit-border-divider ekit-dotted\"><\/div><\/div><\/div><\/div>\t\t\t\t<\/div>\n\t\t\t\t<\/div>\n\t\t\t\t\t<\/div>\n\t\t<\/div>\n\t\t\t\t\t<\/div>\n\t\t<\/section>\n\t\t\t\t<section class=\"elementor-section elementor-top-section elementor-element elementor-element-9b3dde9 elementor-section-boxed elementor-section-height-default elementor-section-height-default\" data-id=\"9b3dde9\" data-element_type=\"section\" data-e-type=\"section\">\n\t\t\t\t\t\t<div class=\"elementor-container elementor-column-gap-default\">\n\t\t\t\t\t<div class=\"elementor-column elementor-col-50 elementor-top-column elementor-element elementor-element-1af9644 elementor-invisible\" data-id=\"1af9644\" data-element_type=\"column\" data-e-type=\"column\" data-settings=\"{&quot;animation&quot;:&quot;fadeInLeft&quot;}\">\n\t\t\t<div class=\"elementor-widget-wrap elementor-element-populated\">\n\t\t\t\t\t\t<div class=\"elementor-element elementor-element-7d20d44 elementor-widget elementor-widget-heading\" data-id=\"7d20d44\" data-element_type=\"widget\" data-e-type=\"widget\" data-widget_type=\"heading.default\">\n\t\t\t\t<div class=\"elementor-widget-container\">\n\t\t\t\t\t<h2 class=\"elementor-heading-title elementor-size-default\">1. Children's Buffet from 15 Children<\/h2>\t\t\t\t<\/div>\n\t\t\t\t<\/div>\n\t\t\t\t<div class=\"elementor-element elementor-element-7d31022 elementor-widget elementor-widget-text-editor\" data-id=\"7d31022\" data-element_type=\"widget\" data-e-type=\"widget\" data-widget_type=\"text-editor.default\">\n\t\t\t\t<div class=\"elementor-widget-container\">\n\t\t\t\t\t\t\t\t\t<p>Schnitzel, Chicken Nuggets, Spaghetti Napoli, French Fries, Ketchup and Mayonnaise, AUF Anfrage\u00a0<\/p>\t\t\t\t\t\t\t\t<\/div>\n\t\t\t\t<\/div>\n\t\t\t\t<div class=\"elementor-element elementor-element-d95d56e elementor-widget elementor-widget-heading\" data-id=\"d95d56e\" data-element_type=\"widget\" data-e-type=\"widget\" data-widget_type=\"heading.default\">\n\t\t\t\t<div class=\"elementor-widget-container\">\n\t\t\t\t\t<h2 class=\"elementor-heading-title elementor-size-default\">2. Birthday Buffet from 20 persons<\/h2>\t\t\t\t<\/div>\n\t\t\t\t<\/div>\n\t\t\t\t<div class=\"elementor-element elementor-element-f304518 elementor-widget elementor-widget-text-editor\" data-id=\"f304518\" data-element_type=\"widget\" data-e-type=\"widget\" data-widget_type=\"text-editor.default\">\n\t\t\t\t<div class=\"elementor-widget-container\">\n\t\t\t\t\t\t\t\t\t<p>Chicken fillet in orange sauce, Roast pork in Bratenjus, Party Schnitzel, Red cabbage, croquettes, rice, Salad plate with vinegar oil and yoghurt dressing, Auf Anfrage<\/p>\t\t\t\t\t\t\t\t<\/div>\n\t\t\t\t<\/div>\n\t\t\t\t<div class=\"elementor-element elementor-element-86c8551 elementor-widget elementor-widget-heading\" data-id=\"86c8551\" data-element_type=\"widget\" data-e-type=\"widget\" data-widget_type=\"heading.default\">\n\t\t\t\t<div class=\"elementor-widget-container\">\n\t\t\t\t\t<h2 class=\"elementor-heading-title elementor-size-default\">3. Buffet: Family celebration from 25 persons<\/h2>\t\t\t\t<\/div>\n\t\t\t\t<\/div>\n\t\t\t\t<div class=\"elementor-element elementor-element-1ce9303 elementor-widget elementor-widget-text-editor\" data-id=\"1ce9303\" data-element_type=\"widget\" data-e-type=\"widget\" data-widget_type=\"text-editor.default\">\n\t\t\t\t<div class=\"elementor-widget-container\">\n\t\t\t\t\t\t\t\t\t<p>Rinderkraft broth with marrow balls, Pork medallions in mushroom cream sauce, Turkey curry with fruits, Roast beef, Vegetable platter, butter spaetzle, boiled potatoes, Fresh fruit salad, tiramisu, Auf Anfrage<\/p>\t\t\t\t\t\t\t\t<\/div>\n\t\t\t\t<\/div>\n\t\t\t\t<div class=\"elementor-element elementor-element-3a51ae2 elementor-widget elementor-widget-heading\" data-id=\"3a51ae2\" data-element_type=\"widget\" data-e-type=\"widget\" data-widget_type=\"heading.default\">\n\t\t\t\t<div class=\"elementor-widget-container\">\n\t\t\t\t\t<h2 class=\"elementor-heading-title elementor-size-default\">4. Wedding buffet from 40 persons<\/h2>\t\t\t\t<\/div>\n\t\t\t\t<\/div>\n\t\t\t\t<div class=\"elementor-element elementor-element-8cef460 elementor-widget elementor-widget-text-editor\" data-id=\"8cef460\" data-element_type=\"widget\" data-e-type=\"widget\" data-widget_type=\"text-editor.default\">\n\t\t\t\t<div class=\"elementor-widget-container\">\n\t\t\t\t\t\t\t\t\t<p>Cream of tomato soup, Tomato mozzarella with fresh basil, Honeydew melon with Parma ham, Salad plate with house dressing, Mixed loin plate in gravy, Turkey fillet in mushroom cream sauce, Baked potatoes, croquettes, vegetable plate, Chocolate mousse, Baileys cream, cheese board with grapes, Auf Anfrage<\/p>\t\t\t\t\t\t\t\t<\/div>\n\t\t\t\t<\/div>\n\t\t\t\t<div class=\"elementor-element elementor-element-1bc82d2 elementor-widget elementor-widget-heading\" data-id=\"1bc82d2\" data-element_type=\"widget\" data-e-type=\"widget\" data-widget_type=\"heading.default\">\n\t\t\t\t<div class=\"elementor-widget-container\">\n\t\t\t\t\t<h2 class=\"elementor-heading-title elementor-size-default\">5. Company buffet from 45 persons<\/h2>\t\t\t\t<\/div>\n\t\t\t\t<\/div>\n\t\t\t\t<div class=\"elementor-element elementor-element-5148e0d elementor-widget elementor-widget-text-editor\" data-id=\"5148e0d\" data-element_type=\"widget\" data-e-type=\"widget\" data-widget_type=\"text-editor.default\">\n\t\t\t\t<div class=\"elementor-widget-container\">\n\t\t\t\t\t\t\t\t\t<p>Champignon cream and broccoli cream soup, Smoked salmon with capers and creamy horseradish, Honeydew melon with parma ham, party rolls, Tomato mozzarella with fresh basil, Baked zucchini, Mixed salad, freshly baked baguette, Duck breast in orange sauce, Pork fillet with mushrooms and green pepper in cream sauce, Salmon steak from the grill, served with lemon sauce, Penne Arrabiata, Rosemary potatoes, basmati rice, vegetables, Red grits with vanilla sauce, white mousse, cheese board, Auf Anfrage<\/p>\t\t\t\t\t\t\t\t<\/div>\n\t\t\t\t<\/div>\n\t\t\t\t\t<\/div>\n\t\t<\/div>\n\t\t\t\t<div class=\"elementor-column elementor-col-50 elementor-top-column elementor-element elementor-element-0de4f18 elementor-invisible\" data-id=\"0de4f18\" data-element_type=\"column\" data-e-type=\"column\" data-settings=\"{&quot;animation&quot;:&quot;fadeInRight&quot;}\">\n\t\t\t<div class=\"elementor-widget-wrap elementor-element-populated\">\n\t\t\t\t\t\t<div class=\"elementor-element elementor-element-cdb8787 elementor-widget elementor-widget-heading\" data-id=\"cdb8787\" data-element_type=\"widget\" data-e-type=\"widget\" data-widget_type=\"heading.default\">\n\t\t\t\t<div class=\"elementor-widget-container\">\n\t\t\t\t\t<h2 class=\"elementor-heading-title elementor-size-default\">1. Menu from 30 persons (Indian)<\/h2>\t\t\t\t<\/div>\n\t\t\t\t<\/div>\n\t\t\t\t<div class=\"elementor-element elementor-element-3072b38 elementor-widget elementor-widget-text-editor\" data-id=\"3072b38\" data-element_type=\"widget\" data-e-type=\"widget\" data-widget_type=\"text-editor.default\">\n\t\t\t\t<div class=\"elementor-widget-container\">\n\t\t\t\t\t\t\t\t\t<p>Chicken korma (chicken fillet in mild sauce), Chicken tandoori (chicken legs marinated and grilled), Palak Paneer (spinach with homemade cheese), Naan, raita, basmati rice, salad, Auf Anfrage<\/p>\t\t\t\t\t\t\t\t<\/div>\n\t\t\t\t<\/div>\n\t\t\t\t<div class=\"elementor-element elementor-element-264b96b elementor-widget elementor-widget-heading\" data-id=\"264b96b\" data-element_type=\"widget\" data-e-type=\"widget\" data-widget_type=\"heading.default\">\n\t\t\t\t<div class=\"elementor-widget-container\">\n\t\t\t\t\t<h2 class=\"elementor-heading-title elementor-size-default\">2. Menu from 40 persons<\/h2>\t\t\t\t<\/div>\n\t\t\t\t<\/div>\n\t\t\t\t<div class=\"elementor-element elementor-element-3f4379e elementor-widget elementor-widget-text-editor\" data-id=\"3f4379e\" data-element_type=\"widget\" data-e-type=\"widget\" data-widget_type=\"text-editor.default\">\n\t\t\t\t<div class=\"elementor-widget-container\">\n\t\t\t\t\t\t\t\t\t<p>Kashmiri kebab (mince of lamb and beef grilled on a skewer), Chicken karahi (chicken fillet with peppers, onions, tomatoes), Channa Masala (chickpeas with ginger and tomatoes), Chicken pulao (basmati rice with chicken legs), Naan, raita, basmati rice, salad, Auf Anfrage<\/p>\t\t\t\t\t\t\t\t<\/div>\n\t\t\t\t<\/div>\n\t\t\t\t<div class=\"elementor-element elementor-element-ca4d21a elementor-widget elementor-widget-heading\" data-id=\"ca4d21a\" data-element_type=\"widget\" data-e-type=\"widget\" data-widget_type=\"heading.default\">\n\t\t\t\t<div class=\"elementor-widget-container\">\n\t\t\t\t\t<h2 class=\"elementor-heading-title elementor-size-default\">3. Menu from 45 persons<\/h2>\t\t\t\t<\/div>\n\t\t\t\t<\/div>\n\t\t\t\t<div class=\"elementor-element elementor-element-99c75f6 elementor-widget elementor-widget-text-editor\" data-id=\"99c75f6\" data-element_type=\"widget\" data-e-type=\"widget\" data-widget_type=\"text-editor.default\">\n\t\t\t\t<div class=\"elementor-widget-container\">\n\t\t\t\t\t\t\t\t\t<p>Tomatosoup, Lamb Karahi (chicken fillet with peppers, onions, tomatoes), Chicken Palak (chicken fillet with spinat), Fish Curry (fish fillet in curry sauce), Matter Paneer (peas with homemade cheese), Naan, raita, basmati rice, salad, Auf Anfrage<\/p>\t\t\t\t\t\t\t\t<\/div>\n\t\t\t\t<\/div>\n\t\t\t\t<div class=\"elementor-element elementor-element-3cd2a7f elementor-widget elementor-widget-heading\" data-id=\"3cd2a7f\" data-element_type=\"widget\" data-e-type=\"widget\" data-widget_type=\"heading.default\">\n\t\t\t\t<div class=\"elementor-widget-container\">\n\t\t\t\t\t<h2 class=\"elementor-heading-title elementor-size-default\">4. Menu from 45 persons<\/h2>\t\t\t\t<\/div>\n\t\t\t\t<\/div>\n\t\t\t\t<div class=\"elementor-element elementor-element-20b31ad elementor-widget elementor-widget-text-editor\" data-id=\"20b31ad\" data-element_type=\"widget\" data-e-type=\"widget\" data-widget_type=\"text-editor.default\">\n\t\t\t\t<div class=\"elementor-widget-container\">\n\t\t\t\t\t\t\t\t\t<p>Vegetarian soup, Chicken Tikka (chicken filet marinated and grilled), Chili chicken (chicken fillet with red chili sauce), Lamb pulao (basmati rice with lamb meatballs), Palak Paneer (spinat with hausgemacht k\u00e4se), Dessert mango cream, Naan, raita, basmati rice, salad, Auf Anfrage<\/p>\t\t\t\t\t\t\t\t<\/div>\n\t\t\t\t<\/div>\n\t\t\t\t\t<\/div>\n\t\t<\/div>\n\t\t\t\t\t<\/div>\n\t\t<\/section>\n\t\t\t\t<\/div>","protected":false},"excerpt":{"rendered":"<p>Catering Service German Indian 1. Children&#8217;s Buffet from 15 Children Schnitzel, Chicken Nuggets, Spaghetti Napoli, French Fries, Ketchup and Mayonnaise, AUF Anfrage 2. Birthday Buffet from 20 persons Chicken fillet in orange sauce, Roast pork in Bratenjus, Party Schnitzel, Red cabbage, croquettes, rice, Salad plate with vinegar oil and yoghurt dressing, Auf Anfrage 3. Buffet: [&hellip;]<\/p>","protected":false},"author":1,"featured_media":0,"parent":0,"menu_order":0,"comment_status":"closed","ping_status":"closed","template":"","meta":{"ocean_post_layout":"full-width","ocean_both_sidebars_style":"","ocean_both_sidebars_content_width":0,"ocean_both_sidebars_sidebars_width":0,"ocean_sidebar":"0","ocean_second_sidebar":"0","ocean_disable_margins":"enable","ocean_add_body_class":"","ocean_shortcode_before_top_bar":"","ocean_shortcode_after_top_bar":"","ocean_shortcode_before_header":"","ocean_shortcode_after_header":"","ocean_has_shortcode":"","ocean_shortcode_after_title":"","ocean_shortcode_before_footer_widgets":"","ocean_shortcode_after_footer_widgets":"","ocean_shortcode_before_footer_bottom":"","ocean_shortcode_after_footer_bottom":"","ocean_display_top_bar":"default","ocean_display_header":"default","ocean_header_style":"","ocean_center_header_left_menu":"0","ocean_custom_header_template":"0","ocean_custom_logo":0,"ocean_custom_retina_logo":0,"ocean_custom_logo_max_width":0,"ocean_custom_logo_tablet_max_width":0,"ocean_custom_logo_mobile_max_width":0,"ocean_custom_logo_max_height":0,"ocean_custom_logo_tablet_max_height":0,"ocean_custom_logo_mobile_max_height":0,"ocean_header_custom_menu":"0","ocean_menu_typo_font_family":"0","ocean_menu_typo_font_subset":"","ocean_menu_typo_font_size":0,"ocean_menu_typo_font_size_tablet":0,"ocean_menu_typo_font_size_mobile":0,"ocean_menu_typo_font_size_unit":"px","ocean_menu_typo_font_weight":"","ocean_menu_typo_font_weight_tablet":"","ocean_menu_typo_font_weight_mobile":"","ocean_menu_typo_transform":"","ocean_menu_typo_transform_tablet":"","ocean_menu_typo_transform_mobile":"","ocean_menu_typo_line_height":0,"ocean_menu_typo_line_height_tablet":0,"ocean_menu_typo_line_height_mobile":0,"ocean_menu_typo_line_height_unit":"","ocean_menu_typo_spacing":0,"ocean_menu_typo_spacing_tablet":0,"ocean_menu_typo_spacing_mobile":0,"ocean_menu_typo_spacing_unit":"","ocean_menu_link_color":"","ocean_menu_link_color_hover":"","ocean_menu_link_color_active":"","ocean_menu_link_background":"","ocean_menu_link_hover_background":"","ocean_menu_link_active_background":"","ocean_menu_social_links_bg":"","ocean_menu_social_hover_links_bg":"","ocean_menu_social_links_color":"","ocean_menu_social_hover_links_color":"","ocean_disable_title":"default","ocean_disable_heading":"default","ocean_post_title":"","ocean_post_subheading":"","ocean_post_title_style":"background-image","ocean_post_title_background_color":"","ocean_post_title_background":633,"ocean_post_title_bg_image_position":"","ocean_post_title_bg_image_attachment":"","ocean_post_title_bg_image_repeat":"no-repeat","ocean_post_title_bg_image_size":"cover","ocean_post_title_height":250,"ocean_post_title_bg_overlay":0.5,"ocean_post_title_bg_overlay_color":"","ocean_disable_breadcrumbs":"default","ocean_breadcrumbs_color":"","ocean_breadcrumbs_separator_color":"","ocean_breadcrumbs_links_color":"","ocean_breadcrumbs_links_hover_color":"","ocean_display_footer_widgets":"default","ocean_display_footer_bottom":"default","ocean_custom_footer_template":"0","footnotes":""},"class_list":["post-262","page","type-page","status-publish","hentry","entry"],"yoast_head":"<!-- This site is optimized with the Yoast SEO plugin v26.9 - https:\/\/yoast.com\/product\/yoast-seo-wordpress\/ -->\n<title>Entdecken Sie Lahn Terrasse | Indische K\u00fcche in Limburg<\/title>\n<meta name=\"description\" content=\"Entdecken Sie das Restaurant Lahn Terrasse in Limburg! Erleben Sie authentische indische K\u00fcche in gem\u00fctlicher Atmosph\u00e4re. Jetzt mehr erfahren!\" \/>\n<meta name=\"robots\" content=\"index, follow, max-snippet:-1, max-image-preview:large, max-video-preview:-1\" \/>\n<link rel=\"canonical\" href=\"https:\/\/restaurant-lahn.de\/de\/discover\/\" \/>\n<meta property=\"og:locale\" content=\"de_DE\" \/>\n<meta property=\"og:type\" content=\"article\" \/>\n<meta property=\"og:title\" content=\"Entdecken Sie Lahn Terrasse | Indische K\u00fcche in Limburg\" \/>\n<meta property=\"og:description\" content=\"Entdecken Sie das Restaurant Lahn Terrasse in Limburg! Erleben Sie authentische indische K\u00fcche in gem\u00fctlicher Atmosph\u00e4re. Jetzt mehr erfahren!\" \/>\n<meta property=\"og:url\" content=\"https:\/\/restaurant-lahn.de\/de\/discover\/\" \/>\n<meta property=\"og:site_name\" content=\"Restaurant Lahn Terrasse | Limburg | Best Indian Cuisine &amp; Home Delivery\" \/>\n<meta property=\"article:publisher\" content=\"https:\/\/www.facebook.com\/profile.php?id=100063525037239&amp;mibextid=ZbWKwL\" \/>\n<meta property=\"article:modified_time\" content=\"2026-01-14T13:04:49+00:00\" \/>\n<meta name=\"twitter:card\" content=\"summary_large_image\" \/>\n<meta name=\"twitter:label1\" content=\"Gesch\u00e4tzte Lesezeit\" \/>\n\t<meta name=\"twitter:data1\" content=\"2\u00a0Minuten\" \/>\n<script type=\"application\/ld+json\" class=\"yoast-schema-graph\">{\"@context\":\"https:\/\/schema.org\",\"@graph\":[{\"@type\":\"WebPage\",\"@id\":\"https:\/\/restaurant-lahn.de\/discover\/\",\"url\":\"https:\/\/restaurant-lahn.de\/discover\/\",\"name\":\"Entdecken Sie Lahn Terrasse | Indische K\u00fcche in Limburg\",\"isPartOf\":{\"@id\":\"https:\/\/restaurant-lahn.de\/#website\"},\"datePublished\":\"2023-01-27T12:19:25+00:00\",\"dateModified\":\"2026-01-14T13:04:49+00:00\",\"description\":\"Entdecken Sie das Restaurant Lahn Terrasse in Limburg! Erleben Sie authentische indische K\u00fcche in gem\u00fctlicher Atmosph\u00e4re. Jetzt mehr erfahren!\",\"breadcrumb\":{\"@id\":\"https:\/\/restaurant-lahn.de\/discover\/#breadcrumb\"},\"inLanguage\":\"de\",\"potentialAction\":[{\"@type\":\"ReadAction\",\"target\":[\"https:\/\/restaurant-lahn.de\/discover\/\"]}]},{\"@type\":\"BreadcrumbList\",\"@id\":\"https:\/\/restaurant-lahn.de\/discover\/#breadcrumb\",\"itemListElement\":[{\"@type\":\"ListItem\",\"position\":1,\"name\":\"Home\",\"item\":\"https:\/\/restaurant-lahn.de\/\"},{\"@type\":\"ListItem\",\"position\":2,\"name\":\"Discover\"}]},{\"@type\":\"WebSite\",\"@id\":\"https:\/\/restaurant-lahn.de\/#website\",\"url\":\"https:\/\/restaurant-lahn.de\/\",\"name\":\"Restaurant lahn terrasse | Limburg | Lieferung nach Hause\",\"description\":\"Restaurant Lahn Terrasse | Limburg | Best Indian Cuisine &amp; Home Delivery\",\"publisher\":{\"@id\":\"https:\/\/restaurant-lahn.de\/#organization\"},\"potentialAction\":[{\"@type\":\"SearchAction\",\"target\":{\"@type\":\"EntryPoint\",\"urlTemplate\":\"https:\/\/restaurant-lahn.de\/?s={search_term_string}\"},\"query-input\":{\"@type\":\"PropertyValueSpecification\",\"valueRequired\":true,\"valueName\":\"search_term_string\"}}],\"inLanguage\":\"de\"},{\"@type\":\"Organization\",\"@id\":\"https:\/\/restaurant-lahn.de\/#organization\",\"name\":\"Restaurant lahn terrasse | Limburg | Lieferung nach Hause\",\"url\":\"https:\/\/restaurant-lahn.de\/\",\"logo\":{\"@type\":\"ImageObject\",\"inLanguage\":\"de\",\"@id\":\"https:\/\/restaurant-lahn.de\/#\/schema\/logo\/image\/\",\"url\":\"https:\/\/restaurant-lahn.de\/wp-content\/uploads\/2023\/01\/cropped-cropped-logo-1-2-1.png\",\"contentUrl\":\"https:\/\/restaurant-lahn.de\/wp-content\/uploads\/2023\/01\/cropped-cropped-logo-1-2-1.png\",\"width\":329,\"height\":146,\"caption\":\"Restaurant lahn terrasse | Limburg | Lieferung nach Hause\"},\"image\":{\"@id\":\"https:\/\/restaurant-lahn.de\/#\/schema\/logo\/image\/\"},\"sameAs\":[\"https:\/\/www.facebook.com\/profile.php?id=100063525037239&mibextid=ZbWKwL\"]}]}<\/script>\n<!-- \/ Yoast SEO plugin. -->","yoast_head_json":{"title":"Entdecken Sie Lahn Terrasse | Indische K\u00fcche in Limburg","description":"Entdecken Sie das Restaurant Lahn Terrasse in Limburg! Erleben Sie authentische indische K\u00fcche in gem\u00fctlicher Atmosph\u00e4re. Jetzt mehr erfahren!","robots":{"index":"index","follow":"follow","max-snippet":"max-snippet:-1","max-image-preview":"max-image-preview:large","max-video-preview":"max-video-preview:-1"},"canonical":"https:\/\/restaurant-lahn.de\/de\/discover\/","og_locale":"de_DE","og_type":"article","og_title":"Entdecken Sie Lahn Terrasse | Indische K\u00fcche in Limburg","og_description":"Entdecken Sie das Restaurant Lahn Terrasse in Limburg! Erleben Sie authentische indische K\u00fcche in gem\u00fctlicher Atmosph\u00e4re. Jetzt mehr erfahren!","og_url":"https:\/\/restaurant-lahn.de\/de\/discover\/","og_site_name":"Restaurant Lahn Terrasse | Limburg | Best Indian Cuisine &amp; Home Delivery","article_publisher":"https:\/\/www.facebook.com\/profile.php?id=100063525037239&mibextid=ZbWKwL","article_modified_time":"2026-01-14T13:04:49+00:00","twitter_card":"summary_large_image","twitter_misc":{"Gesch\u00e4tzte Lesezeit":"2\u00a0Minuten"},"schema":{"@context":"https:\/\/schema.org","@graph":[{"@type":"WebPage","@id":"https:\/\/restaurant-lahn.de\/discover\/","url":"https:\/\/restaurant-lahn.de\/discover\/","name":"Entdecken Sie Lahn Terrasse | Indische K\u00fcche in Limburg","isPartOf":{"@id":"https:\/\/restaurant-lahn.de\/#website"},"datePublished":"2023-01-27T12:19:25+00:00","dateModified":"2026-01-14T13:04:49+00:00","description":"Entdecken Sie das Restaurant Lahn Terrasse in Limburg! Erleben Sie authentische indische K\u00fcche in gem\u00fctlicher Atmosph\u00e4re. Jetzt mehr erfahren!","breadcrumb":{"@id":"https:\/\/restaurant-lahn.de\/discover\/#breadcrumb"},"inLanguage":"de","potentialAction":[{"@type":"ReadAction","target":["https:\/\/restaurant-lahn.de\/discover\/"]}]},{"@type":"BreadcrumbList","@id":"https:\/\/restaurant-lahn.de\/discover\/#breadcrumb","itemListElement":[{"@type":"ListItem","position":1,"name":"Home","item":"https:\/\/restaurant-lahn.de\/"},{"@type":"ListItem","position":2,"name":"Discover"}]},{"@type":"WebSite","@id":"https:\/\/restaurant-lahn.de\/#website","url":"https:\/\/restaurant-lahn.de\/","name":"Restaurant lahn terrasse | Limburg | Lieferung nach Hause","description":"Restaurant Lahn Terrasse | Limburg | Best Indian Cuisine &amp; Home Delivery","publisher":{"@id":"https:\/\/restaurant-lahn.de\/#organization"},"potentialAction":[{"@type":"SearchAction","target":{"@type":"EntryPoint","urlTemplate":"https:\/\/restaurant-lahn.de\/?s={search_term_string}"},"query-input":{"@type":"PropertyValueSpecification","valueRequired":true,"valueName":"search_term_string"}}],"inLanguage":"de"},{"@type":"Organization","@id":"https:\/\/restaurant-lahn.de\/#organization","name":"Restaurant lahn terrasse | Limburg | Lieferung nach Hause","url":"https:\/\/restaurant-lahn.de\/","logo":{"@type":"ImageObject","inLanguage":"de","@id":"https:\/\/restaurant-lahn.de\/#\/schema\/logo\/image\/","url":"https:\/\/restaurant-lahn.de\/wp-content\/uploads\/2023\/01\/cropped-cropped-logo-1-2-1.png","contentUrl":"https:\/\/restaurant-lahn.de\/wp-content\/uploads\/2023\/01\/cropped-cropped-logo-1-2-1.png","width":329,"height":146,"caption":"Restaurant lahn terrasse | Limburg | Lieferung nach Hause"},"image":{"@id":"https:\/\/restaurant-lahn.de\/#\/schema\/logo\/image\/"},"sameAs":["https:\/\/www.facebook.com\/profile.php?id=100063525037239&mibextid=ZbWKwL"]}]}},"_links":{"self":[{"href":"https:\/\/restaurant-lahn.de\/de\/wp-json\/wp\/v2\/pages\/262","targetHints":{"allow":["GET"]}}],"collection":[{"href":"https:\/\/restaurant-lahn.de\/de\/wp-json\/wp\/v2\/pages"}],"about":[{"href":"https:\/\/restaurant-lahn.de\/de\/wp-json\/wp\/v2\/types\/page"}],"author":[{"embeddable":true,"href":"https:\/\/restaurant-lahn.de\/de\/wp-json\/wp\/v2\/users\/1"}],"replies":[{"embeddable":true,"href":"https:\/\/restaurant-lahn.de\/de\/wp-json\/wp\/v2\/comments?post=262"}],"version-history":[{"count":2,"href":"https:\/\/restaurant-lahn.de\/de\/wp-json\/wp\/v2\/pages\/262\/revisions"}],"predecessor-version":[{"id":4180,"href":"https:\/\/restaurant-lahn.de\/de\/wp-json\/wp\/v2\/pages\/262\/revisions\/4180"}],"wp:attachment":[{"href":"https:\/\/restaurant-lahn.de\/de\/wp-json\/wp\/v2\/media?parent=262"}],"curies":[{"name":"wp","href":"https:\/\/api.w.org\/{rel}","templated":true}]}}